{"id":1549,"date":"2025-09-15T08:42:42","date_gmt":"2025-09-15T08:42:42","guid":{"rendered":"https:\/\/casabaproperties.com\/?page_id=1549"},"modified":"2026-04-28T09:25:50","modified_gmt":"2026-04-28T09:25:50","slug":"confia-tu-hogar-a-nosotros","status":"publish","type":"page","link":"https:\/\/casabaproperties.com\/es\/affida-a-noi-la-tua-casa\/","title":{"rendered":"Conf\u00eda tu hogar a nosotros"},"content":{"rendered":"<section class=\"bde-section-1549-100 bde-section\">\n  \n  \n\t\n\n\n\n<div class=\"section-container\"><div class=\"bde-columns-1549-101 bde-columns\"><div class=\"bde-column-1549-102 bde-column\" data-parallax=\"true\">\n              \n  \n  \n\t\n\n  <div class=\"section-background-overlay\"><\/div>\n\n\n<h1 class=\"bde-heading-1549-103 bde-heading\" data-parallax=\"true\">\nAffida a noi la tua casa\n<\/h1><div class=\"bde-text-1549-104 bde-text\">\nSei un proprietario di uno o pi\u00f9 immobili e vorresti affittare senza pensieri? Scopri di pi\u00f9 sulla nostra attivit\u00e0 di gestione e sulla nostra offerta vuoto per pieno!<br>\n<\/div>\n<\/div><\/div><div class=\"bde-columns-1549-140 bde-columns\"><div class=\"bde-column-1549-141 bde-column\">\n  \n  \n\t\n\n\n\n<h2 class=\"bde-heading-1549-142 bde-heading\">\nEntra negli affitti brevi con una gestione completa\n<\/h2><div class=\"bde-text-1549-143 bde-text\">\nSai che gli affitti brevi sono la miglior destinazione d'uso (e anche la pi\u00f9 redditizia) per il tuo immobile?<br>Tuttavia, per farlo devi districarti tra aspetti burocratici, check-in, gestione degli annunci, promozione della struttura e molto altro.<br><br>Oggi per\u00f2, grazie a Casaba hai a disposizione una squadra di professionisti che ti permette di incassare le tue rendite da affitto a breve termine senza alcuna preoccupazione e a sforzo zero.\n<\/div><div class=\"bde-button-1549-144 bde-button\">\n        \n    \n    \n    \n    \n            \n                    \n            \n            \n\n    \n    \n    \n    \n    \n    <a class=\"breakdance-link button-atom button-atom--primary bde-button__button\" href=\"#form\" target=\"_self\" data-type=\"url\"  >\n\n    \n        <span class=\"button-atom__text\">Contattaci ora<\/span>\n\n        \n        \n                <\/a>\n\n    \n\n\n<\/div>\n<\/div><div class=\"bde-column-1549-146 bde-column\">\n  \n  \n\t\n\n\n\n<div class=\"bde-icon-box-1549-147 bde-icon-box\">\n\n    \n            <div class=\"ee-iconbox-icon breakdance-icon-atom\" >\n    \n                    <svg xmlns=\"http:\/\/www.w3.org\/2000\/svg\" viewBox=\"0 0 576 512\"><!--! Font Awesome Free 6.5.1 by @fontawesome - https:\/\/fontawesome.com License - https:\/\/fontawesome.com\/license\/free (Icons: CC BY 4.0, Fonts: SIL OFL 1.1, Code: MIT License) Copyright 2023 Fonticons, Inc. --><path d=\"M160 0c-17.7 0-32 14.3-32 32s14.3 32 32 32h50.7L9.4 265.4c-12.5 12.5-12.5 32.8 0 45.3s32.8 12.5 45.3 0L256 109.3V160c0 17.7 14.3 32 32 32s32-14.3 32-32V32c0-17.7-14.3-32-32-32H160zM576 80a48 48 0 1 0 -96 0 48 48 0 1 0 96 0zM448 208a48 48 0 1 0 -96 0 48 48 0 1 0 96 0zM400 384a48 48 0 1 0 0-96 48 48 0 1 0 0 96zm48 80a48 48 0 1 0 -96 0 48 48 0 1 0 96 0zm128 0a48 48 0 1 0 -96 0 48 48 0 1 0 96 0zM272 384a48 48 0 1 0 0-96 48 48 0 1 0 0 96zm48 80a48 48 0 1 0 -96 0 48 48 0 1 0 96 0zM144 512a48 48 0 1 0 0-96 48 48 0 1 0 0 96zM576 336a48 48 0 1 0 -96 0 48 48 0 1 0 96 0zm-48-80a48 48 0 1 0 0-96 48 48 0 1 0 0 96z\"\/><\/svg>\n        \n        \n        \n            <\/div>\n    \n\n<div class=\"ee-iconbox-content\">\n      <p class=\"ee-iconbox-title bde-h3\" >Revenue Management<\/p>\n        <div class=\"ee-iconbox-text\" >Ottimizziamo l\u2019occupazione e la redditivit\u00e0 della tua propriet\u00e0 definendo il miglior prezzo su ogni canale.<\/div>\n    <\/div>\n\n<\/div><div class=\"bde-icon-box-1549-148 bde-icon-box\">\n\n    \n            <div class=\"ee-iconbox-icon breakdance-icon-atom\" >\n    \n                    <svg xmlns=\"http:\/\/www.w3.org\/2000\/svg\" fill=\"#000000\" width=\"800px\" height=\"800px\" viewBox=\"0 0 24 24\" data-name=\"Layer 1\"><path d=\"M21.66406,10.25244l-9-8a.99893.99893,0,0,0-1.32812,0l-9,8a.99991.99991,0,0,0,1.32812,1.49512L4,11.449V21a.99974.99974,0,0,0,1,1H19a.99974.99974,0,0,0,1-1V11.449l.33594.29859a.99991.99991,0,0,0,1.32812-1.49512ZM9.18427,20a2.98208,2.98208,0,0,1,5.63146,0ZM10.5,14.5A1.5,1.5,0,1,1,12,16,1.50164,1.50164,0,0,1,10.5,14.5ZM18,20H16.89893a5.00092,5.00092,0,0,0-2.25867-3.22821A3.46849,3.46849,0,0,0,15.5,14.5a3.5,3.5,0,0,0-7,0,3.46849,3.46849,0,0,0,.85974,2.27179A5.00092,5.00092,0,0,0,7.10107,20H6V9.6712l6-5.33331L18,9.6712Z\"\/><\/svg>\n        \n        \n        \n            <\/div>\n    \n\n<div class=\"ee-iconbox-content\">\n      <p class=\"ee-iconbox-title bde-h3\" >Accoglienza Ospiti<\/p>\n        <div class=\"ee-iconbox-text\" >Il nostro team multilingue assiste i tuoi ospiti dalla richiesta iniziale fino al check-in e alla consegna delle chiavi, garantendo un\u2019esperienza impeccabile.<\/div>\n    <\/div>\n\n<\/div><div class=\"bde-icon-box-1549-149 bde-icon-box\">\n\n    \n            <div class=\"ee-iconbox-icon breakdance-icon-atom\" >\n    \n                    <svg xmlns=\"http:\/\/www.w3.org\/2000\/svg\" viewBox=\"0 0 384 512\"><!--! Font Awesome Free 6.5.1 by @fontawesome - https:\/\/fontawesome.com License - https:\/\/fontawesome.com\/license\/free (Icons: CC BY 4.0, Fonts: SIL OFL 1.1, Code: MIT License) Copyright 2023 Fonticons, Inc. --><path d=\"M64 0C28.7 0 0 28.7 0 64V448c0 35.3 28.7 64 64 64H320c35.3 0 64-28.7 64-64V160H256c-17.7 0-32-14.3-32-32V0H64zM256 0V128H384L256 0zM80 64h64c8.8 0 16 7.2 16 16s-7.2 16-16 16H80c-8.8 0-16-7.2-16-16s7.2-16 16-16zm0 64h64c8.8 0 16 7.2 16 16s-7.2 16-16 16H80c-8.8 0-16-7.2-16-16s7.2-16 16-16zm16 96H288c17.7 0 32 14.3 32 32v64c0 17.7-14.3 32-32 32H96c-17.7 0-32-14.3-32-32V256c0-17.7 14.3-32 32-32zm0 32v64H288V256H96zM240 416h64c8.8 0 16 7.2 16 16s-7.2 16-16 16H240c-8.8 0-16-7.2-16-16s7.2-16 16-16z\"\/><\/svg>\n        \n        \n        \n            <\/div>\n    \n\n<div class=\"ee-iconbox-content\">\n      <p class=\"ee-iconbox-title bde-h3\" >Burocrazia-Free<\/p>\n        <div class=\"ee-iconbox-text\" >Gestiamo tutti gli adempimenti burocratici e i permessi necessari nel tuo comune, inclusa la comunicazione dei dati degli ospiti alle autorit\u00e0 locali.<\/div>\n    <\/div>\n\n<\/div><div class=\"bde-icon-box-1549-150 bde-icon-box\">\n\n    \n            <div class=\"ee-iconbox-icon breakdance-icon-atom\" >\n    \n                    <svg xmlns=\"http:\/\/www.w3.org\/2000\/svg\" viewBox=\"0 0 640 512\"><!--! Font Awesome Free 6.5.1 by @fontawesome - https:\/\/fontawesome.com License - https:\/\/fontawesome.com\/license\/free (Icons: CC BY 4.0, Fonts: SIL OFL 1.1, Code: MIT License) Copyright 2023 Fonticons, Inc. --><path d=\"M32 32c17.7 0 32 14.3 32 32V320H288V160c0-17.7 14.3-32 32-32H544c53 0 96 43 96 96V448c0 17.7-14.3 32-32 32s-32-14.3-32-32V416H352 320 64v32c0 17.7-14.3 32-32 32s-32-14.3-32-32V64C0 46.3 14.3 32 32 32zm144 96a80 80 0 1 1 0 160 80 80 0 1 1 0-160z\"\/><\/svg>\n        \n        \n        \n            <\/div>\n    \n\n<div class=\"ee-iconbox-content\">\n      <p class=\"ee-iconbox-title bde-h3\" >Servizio di Pulizia e Biancheria<\/p>\n        <div class=\"ee-iconbox-text\" >Offriamo servizi professionali di pulizia e lavanderia per garantire il massimo comfort ai tuoi ospiti.<\/div>\n    <\/div>\n\n<\/div><div class=\"bde-icon-box-1549-151 bde-icon-box\">\n\n    \n            <div class=\"ee-iconbox-icon breakdance-icon-atom\" >\n    \n                    <svg xmlns=\"http:\/\/www.w3.org\/2000\/svg\" viewBox=\"0 0 640 512\"><!--! Font Awesome Free 6.5.1 by @fontawesome - https:\/\/fontawesome.com License - https:\/\/fontawesome.com\/license\/free (Icons: CC BY 4.0, Fonts: SIL OFL 1.1, Code: MIT License) Copyright 2023 Fonticons, Inc. --><path d=\"M256 0H576c35.3 0 64 28.7 64 64V288c0 35.3-28.7 64-64 64H256c-35.3 0-64-28.7-64-64V64c0-35.3 28.7-64 64-64zM476 106.7C471.5 100 464 96 456 96s-15.5 4-20 10.7l-56 84L362.7 169c-4.6-5.7-11.5-9-18.7-9s-14.2 3.3-18.7 9l-64 80c-5.8 7.2-6.9 17.1-2.9 25.4s12.4 13.6 21.6 13.6h80 48H552c8.9 0 17-4.9 21.2-12.7s3.7-17.3-1.2-24.6l-96-144zM336 96a32 32 0 1 0 -64 0 32 32 0 1 0 64 0zM64 128h96V384v32c0 17.7 14.3 32 32 32H320c17.7 0 32-14.3 32-32V384H512v64c0 35.3-28.7 64-64 64H64c-35.3 0-64-28.7-64-64V192c0-35.3 28.7-64 64-64zm8 64c-8.8 0-16 7.2-16 16v16c0 8.8 7.2 16 16 16H88c8.8 0 16-7.2 16-16V208c0-8.8-7.2-16-16-16H72zm0 104c-8.8 0-16 7.2-16 16v16c0 8.8 7.2 16 16 16H88c8.8 0 16-7.2 16-16V312c0-8.8-7.2-16-16-16H72zm0 104c-8.8 0-16 7.2-16 16v16c0 8.8 7.2 16 16 16H88c8.8 0 16-7.2 16-16V416c0-8.8-7.2-16-16-16H72zm336 16v16c0 8.8 7.2 16 16 16h16c8.8 0 16-7.2 16-16V416c0-8.8-7.2-16-16-16H424c-8.8 0-16 7.2-16 16z\"\/><\/svg>\n        \n        \n        \n            <\/div>\n    \n\n<div class=\"ee-iconbox-content\">\n      <p class=\"ee-iconbox-title bde-h3\" >Servizio Fotografico Professionale<\/p>\n        <div class=\"ee-iconbox-text\" >Collaboriamo con fotografi professionisti per realizzare servizi fotografici che valorizzano al meglio la tua propriet\u00e0.<\/div>\n    <\/div>\n\n<\/div>\n<\/div><\/div><\/div>\n<\/section><section class=\"bde-section-1549-153 bde-section\">\n  \n  \n\t\n\n\n\n<div class=\"section-container\"><h2 class=\"bde-heading-1549-154 bde-heading\">\n  Servizi All-Inclusive<br>\n<\/h2><div class=\"bde-text-1549-170 bde-text\">\nNon dovrai preoccuparti di nulla!<br>La nostra gestione permette ai proprietari di non svolgere nessuna mansione, dovrai preoccuparti solo di ricevere a fine mese i compensi derivanti dalla nostra gestione.<br><br>Ogni mese riceverai un report gratuito e dettagliato contenente le informazioni sull\u2019andamento dell\u2019immobile. Semplicemente fantastico!\n<\/div><div class=\"bde-grid-1549-155 bde-grid\">\n  \n  \n\t\n\n\n\n<div class=\"bde-icon-box-1549-156 bde-icon-box\">\n\n    \n            <div class=\"ee-iconbox-icon breakdance-icon-atom\" >\n    \n                    <svg xmlns=\"http:\/\/www.w3.org\/2000\/svg\" viewBox=\"0 0 576 512\"><!--! Font Awesome Free 6.5.1 by @fontawesome - https:\/\/fontawesome.com License - https:\/\/fontawesome.com\/license\/free (Icons: CC BY 4.0, Fonts: SIL OFL 1.1, Code: MIT License) Copyright 2023 Fonticons, Inc. --><path d=\"M163.9 136.9c-29.4-29.8-29.4-78.2 0-108s77-29.8 106.4 0l17.7 18 17.7-18c29.4-29.8 77-29.8 106.4 0s29.4 78.2 0 108L310.5 240.1c-6.2 6.3-14.3 9.4-22.5 9.4s-16.3-3.1-22.5-9.4L163.9 136.9zM568.2 336.3c13.1 17.8 9.3 42.8-8.5 55.9L433.1 485.5c-23.4 17.2-51.6 26.5-80.7 26.5H192 32c-17.7 0-32-14.3-32-32V416c0-17.7 14.3-32 32-32H68.8l44.9-36c22.7-18.2 50.9-28 80-28H272h16 64c17.7 0 32 14.3 32 32s-14.3 32-32 32H288 272c-8.8 0-16 7.2-16 16s7.2 16 16 16H392.6l119.7-88.2c17.8-13.1 42.8-9.3 55.9 8.5zM193.6 384l0 0-.9 0c.3 0 .6 0 .9 0z\"\/><\/svg>\n        \n        \n        \n            <\/div>\n    \n\n<div class=\"ee-iconbox-content\">\n      <p class=\"ee-iconbox-title bde-h3\" >Gestione completa<\/p>\n        <div class=\"ee-iconbox-text\" >Non dovrai alzare un dito. CaSaba Property Management prende in gestione la casa e si occupa di tutto, dalla A alla Z.<\/div>\n    <\/div>\n\n<\/div><div class=\"bde-icon-box-1549-157 bde-icon-box\">\n\n    \n            <div class=\"ee-iconbox-icon breakdance-icon-atom\" >\n    \n                    <svg xmlns=\"http:\/\/www.w3.org\/2000\/svg\" viewBox=\"0 0 576 512\"><!--! Font Awesome Free 6.5.1 by @fontawesome - https:\/\/fontawesome.com License - https:\/\/fontawesome.com\/license\/free (Icons: CC BY 4.0, Fonts: SIL OFL 1.1, Code: MIT License) Copyright 2023 Fonticons, Inc. --><path d=\"M112 112c0 35.3-28.7 64-64 64V336c35.3 0 64 28.7 64 64H464c0-35.3 28.7-64 64-64V176c-35.3 0-64-28.7-64-64H112zM0 128C0 92.7 28.7 64 64 64H512c35.3 0 64 28.7 64 64V384c0 35.3-28.7 64-64 64H64c-35.3 0-64-28.7-64-64V128zM176 256a112 112 0 1 1 224 0 112 112 0 1 1 -224 0zm80-48c0 8.8 7.2 16 16 16v64h-8c-8.8 0-16 7.2-16 16s7.2 16 16 16h24 24c8.8 0 16-7.2 16-16s-7.2-16-16-16h-8V208c0-8.8-7.2-16-16-16H272c-8.8 0-16 7.2-16 16z\"\/><\/svg>\n        \n        \n        \n            <\/div>\n    \n\n<div class=\"ee-iconbox-content\">\n      <p class=\"ee-iconbox-title bde-h3\" >Massimo Rendimento<\/p>\n        <div class=\"ee-iconbox-text\" >Sarai in grado di incrementare i rendimenti del tuo immobile grazie ai flussi turistici e alle nostre tecniche.<\/div>\n    <\/div>\n\n<\/div><div class=\"bde-icon-box-1549-158 bde-icon-box\">\n\n    \n            <div class=\"ee-iconbox-icon breakdance-icon-atom\" >\n    \n                    <svg xmlns=\"http:\/\/www.w3.org\/2000\/svg\" viewBox=\"0 0 512 512\"><!--! Font Awesome Free 6.5.1 by @fontawesome - https:\/\/fontawesome.com License - https:\/\/fontawesome.com\/license\/free (Icons: CC BY 4.0, Fonts: SIL OFL 1.1, Code: MIT License) Copyright 2023 Fonticons, Inc. --><path d=\"M269.4 2.9C265.2 1 260.7 0 256 0s-9.2 1-13.4 2.9L54.3 82.8c-22 9.3-38.4 31-38.3 57.2c.5 99.2 41.3 280.7 213.6 363.2c16.7 8 36.1 8 52.8 0C454.7 420.7 495.5 239.2 496 140c.1-26.2-16.3-47.9-38.3-57.2L269.4 2.9zM144 221.3c0-33.8 27.4-61.3 61.3-61.3c16.2 0 31.8 6.5 43.3 17.9l7.4 7.4 7.4-7.4c11.5-11.5 27.1-17.9 43.3-17.9c33.8 0 61.3 27.4 61.3 61.3c0 16.2-6.5 31.8-17.9 43.3l-82.7 82.7c-6.2 6.2-16.4 6.2-22.6 0l-82.7-82.7c-11.5-11.5-17.9-27.1-17.9-43.3z\"\/><\/svg>\n        \n        \n        \n            <\/div>\n    \n\n<div class=\"ee-iconbox-content\">\n      <p class=\"ee-iconbox-title bde-h3\" >Garanzia Totale<\/p>\n        <div class=\"ee-iconbox-text\" >Incrementa il rendimento del tuo immobile senza rischio. Sui nostri servizi \u00e8 sempre attiva un'assicurazione totale.<\/div>\n    <\/div>\n\n<\/div>\n<\/div><\/div>\n<\/section><section class=\"bde-section-1549-160 bde-section\">\n  \n  \n\t\n\n\n\n<div class=\"section-container\"><div class=\"bde-columns-1549-161 bde-columns\"><div class=\"bde-column-1549-162 bde-column\">\n  \n  \n\t\n\n\n\n<h3 class=\"bde-heading-1549-163 bde-heading\">\nSei pronto a moltiplicare<br>il rendimento dei tuoi immobili?\n<\/h3><div class=\"bde-text-1549-171 bde-text\">\nSe vuoi massimizzare il rendimento del tuo immobile con gli affitti a breve termine partendo da oggi stesso, non perdere ulteriore tempo e contattaci subito per una valutazione della tua propriet\u00e0 ed una stima dei guadagni che puoi realizzare - senza impegno.\n<\/div><img decoding=\"async\" class=\"bde-image2-1549-172 bde-image2\" src=\"https:\/\/casabaproperties.com\/wp-content\/uploads\/2026\/04\/App_li_cuncheddi_web_035.webp\" loading=\"lazy\" srcset=\"https:\/\/casabaproperties.com\/wp-content\/uploads\/2026\/04\/App_li_cuncheddi_web_035.webp 1920w, https:\/\/casabaproperties.com\/wp-content\/uploads\/2026\/04\/App_li_cuncheddi_web_035-300x200.webp 300w, https:\/\/casabaproperties.com\/wp-content\/uploads\/2026\/04\/App_li_cuncheddi_web_035-1024x683.webp 1024w, https:\/\/casabaproperties.com\/wp-content\/uploads\/2026\/04\/App_li_cuncheddi_web_035-768x512.webp 768w, https:\/\/casabaproperties.com\/wp-content\/uploads\/2026\/04\/App_li_cuncheddi_web_035-1536x1024.webp 1536w, https:\/\/casabaproperties.com\/wp-content\/uploads\/2026\/04\/App_li_cuncheddi_web_035-18x12.webp 18w\" sizes=\"(max-width: 1920px) 100vw, 1920px\">\n<\/div><div class=\"bde-column-1549-165 bde-column\">\n  \n  \n\t\n\n\n\n<div id=\"form\" class=\"bde-div-1549-166 bde-div\">\n  \n  \n\t\n\n\n\n<h3 class=\"bde-heading-1549-167 bde-heading\">\nContattaci ora, valuteremo insieme la tua situazione.\n<\/h3><div class=\"bde-text-1549-168 bde-text\">\nTutti i campi sono obbligatori.\n<\/div><div class=\"bde-form-builder-1549-169 bde-form-builder\">\n\n<form id=\"contact-form169\" class=\"breakdance-form breakdance-form--vertical\" data-options=\"{&quot;slug&quot;:&quot;custom&quot;,&quot;name&quot;:&quot;Contact Form&quot;,&quot;ajaxUrl&quot;:&quot;https:\\\/\\\/casabaproperties.com\\\/wp-admin\\\/admin-ajax.php&quot;,&quot;clearOnSuccess&quot;:true,&quot;hideOnSuccess&quot;:false,&quot;successMessage&quot;:&quot;Messaggio inviato con successo!&quot;,&quot;errorMessage&quot;:&quot;Qualcosa \\u00e8 andato storto, riprova.&quot;,&quot;redirect&quot;:false,&quot;redirectUrl&quot;:&quot;&quot;,&quot;customJavaScript&quot;:&quot;&quot;,&quot;recaptcha&quot;:{&quot;key&quot;:&quot;&quot;,&quot;enabled&quot;:false},&quot;honeypot_enabled&quot;:true,&quot;popupsOnSuccess&quot;:[],&quot;popupsOnError&quot;:[]}\" data-steps=\"0\" >\n  \n  \n  \n<div class=\"breakdance-form-field breakdance-form-field--text\" >\n    \n    \n            <label class=\"breakdance-form-field__label\" for=\"name\">\n            Nome<span class=\"breakdance-form-field__required\">*<\/span>\n        <\/label>\n    \n    <input\n    class=\"breakdance-form-field__input\"\n    id=\"name\"\n    aria-describedby=\"name\"\n    type=\"text\"\n    name=\"fields[name]\"\n    placeholder=\"\"\n    value=\"\"\n                \n        \n        \n    required\n    \n    \n    \n    \n    \n>\n\n\n    \n    \n<\/div>\n\n\n<div class=\"breakdance-form-field breakdance-form-field--text\" >\n    \n    \n            <label class=\"breakdance-form-field__label\" for=\"igldzu\">\n            Cognome\n        <\/label>\n    \n    <input\n    class=\"breakdance-form-field__input\"\n    id=\"igldzu\"\n    aria-describedby=\"igldzu\"\n    type=\"text\"\n    name=\"fields[igldzu]\"\n    placeholder=\"\"\n    value=\"\"\n                \n        \n        \n    \n    \n    \n    \n    \n    \n>\n\n\n    \n    \n<\/div>\n\n\n<div class=\"breakdance-form-field breakdance-form-field--email\" >\n    \n    \n            <label class=\"breakdance-form-field__label\" for=\"email\">\n            Email<span class=\"breakdance-form-field__required\">*<\/span>\n        <\/label>\n    \n    <input\n    class=\"breakdance-form-field__input\"\n    id=\"email\"\n    aria-describedby=\"email\"\n    type=\"email\"\n    name=\"fields[email]\"\n    placeholder=\"\"\n    value=\"\"\n                \n        \n        \n    required\n    \n    \n    \n    \n    \n>\n\n\n    \n    \n<\/div>\n\n\n<div class=\"breakdance-form-field breakdance-form-field--tel\" >\n    \n    \n            <label class=\"breakdance-form-field__label\" for=\"mnwbjw\">\n            Telefono<span class=\"breakdance-form-field__required\">*<\/span>\n        <\/label>\n    \n    <input\n    class=\"breakdance-form-field__input\"\n    id=\"mnwbjw\"\n    aria-describedby=\"mnwbjw\"\n    type=\"tel\"\n    name=\"fields[mnwbjw]\"\n    placeholder=\"\"\n    value=\"\"\n                \n        \n        \n    required\n    \n    \n    \n    \n    \n>\n\n\n    \n    \n<\/div>\n\n\n<div class=\"breakdance-form-field breakdance-form-field--text\" >\n    \n    \n            <label class=\"breakdance-form-field__label\" for=\"xqghkv\">\n            Citt\u00e0<span class=\"breakdance-form-field__required\">*<\/span>\n        <\/label>\n    \n    <input\n    class=\"breakdance-form-field__input\"\n    id=\"xqghkv\"\n    aria-describedby=\"xqghkv\"\n    type=\"text\"\n    name=\"fields[xqghkv]\"\n    placeholder=\"\"\n    value=\"\"\n                \n        \n        \n    required\n    \n    \n    \n    \n    \n>\n\n\n    \n    \n<\/div>\n\n\n<div class=\"breakdance-form-field breakdance-form-field--number\" >\n    \n    \n            <label class=\"breakdance-form-field__label\" for=\"idwfbs\">\n            N\u00b0 di immobili<span class=\"breakdance-form-field__required\">*<\/span>\n        <\/label>\n    \n    <input\n    class=\"breakdance-form-field__input\"\n    id=\"idwfbs\"\n    aria-describedby=\"idwfbs\"\n    type=\"number\"\n    name=\"fields[idwfbs]\"\n    placeholder=\"\"\n    value=\"\"\n                \n        \n        \n    required\n    \n    \n    \n    \n    \n>\n\n\n    \n    \n<\/div>\n\n\n<div class=\"breakdance-form-field breakdance-form-field--radio\" >\n    \n    \n    \n      <fieldset role=\"radiogroup\"\n          aria-label=\"Tipologia\"\n      >\n          <legend class=\"breakdance-form-field__label\">Tipologia<span class=\"breakdance-form-field__required\">*<\/span><\/legend>\n                <div class=\"breakdance-form-radio\">\n            <input\n                type=\"radio\"\n                name=\"fields[umqwcn][]\"\n                value=\"Appartamento\"\n                id=\"umqwcn-1\"\n                required\n                \n                \n                            >\n            <label class=\"breakdance-form-radio__text\" for=\"umqwcn-1\">Appartamento<\/label>\n        <\/div>\n            <div class=\"breakdance-form-radio\">\n            <input\n                type=\"radio\"\n                name=\"fields[umqwcn][]\"\n                value=\"Casa indipendente\"\n                id=\"umqwcn-2\"\n                required\n                \n                \n                            >\n            <label class=\"breakdance-form-radio__text\" for=\"umqwcn-2\">Casa indipendente<\/label>\n        <\/div>\n            <div class=\"breakdance-form-radio\">\n            <input\n                type=\"radio\"\n                name=\"fields[umqwcn][]\"\n                value=\"Bed and Breakfast\"\n                id=\"umqwcn-3\"\n                required\n                \n                \n                            >\n            <label class=\"breakdance-form-radio__text\" for=\"umqwcn-3\">Bed & Breakfast<\/label>\n        <\/div>\n            <div class=\"breakdance-form-radio\">\n            <input\n                type=\"radio\"\n                name=\"fields[umqwcn][]\"\n                value=\"Villa\"\n                id=\"umqwcn-4\"\n                required\n                \n                \n                            >\n            <label class=\"breakdance-form-radio__text\" for=\"umqwcn-4\">Villa<\/label>\n        <\/div>\n            <div class=\"breakdance-form-radio\">\n            <input\n                type=\"radio\"\n                name=\"fields[umqwcn][]\"\n                value=\"Residence\"\n                id=\"umqwcn-5\"\n                required\n                \n                \n                            >\n            <label class=\"breakdance-form-radio__text\" for=\"umqwcn-5\">Residence<\/label>\n        <\/div>\n      <\/fieldset>\n\n\n    \n    \n<\/div>\n\n\n<div class=\"breakdance-form-field breakdance-form-field--select\" >\n    \n    \n            <label class=\"breakdance-form-field__label\" for=\"hvqfqh\">\n            Cosa stai cercando?\n        <\/label>\n    \n    <select\n    class=\"breakdance-form-field__input\"\n    id=\"hvqfqh\"\n    name=\"fields[hvqfqh]\"\n    \n    \n        \n    \n    >\n      <option value=\"\">...<\/option>\n          <option value=\"Gestione completa\" >Gestione completa - check in, check out, pulizie, promozione dell'immobile sui diversi canali, parte burocratica etc<\/option>\n        <option value=\"Gestione commerciale\" >Gestione commerciale - prenotazioni, pagamenti, pubblicazione degli immobili sui diversi canali<\/option>\n        <option value=\"Pubblicazione sul sito\" >Pubblicazione dell'immobile sul nostro sito<\/option>\n  <\/select>\n\n\n    \n    \n<\/div>\n\n\n<div class=\"breakdance-form-field breakdance-form-field--checkbox\" >\n    \n    \n    \n    <fieldset role=\"group\"\n    aria-label=\"Leggi la Privacy Policy\"\n    >\n       <legend class=\"breakdance-form-field__label\">Leggi la <a href=\"\/privacy-policy\/\">Privacy Policy<\/a><\/legend>\n          <div class=\"breakdance-form-checkbox\">\n          <input\n              type=\"checkbox\"\n              name=\"fields[jhdcbs]\"\n              value=\"Accetto la Privacy Policy\"\n              id=\"jhdcbs-1\"\n              \n              \n                        >\n          <label class=\"breakdance-form-checkbox__text\" for=\"jhdcbs-1\">Accetto la Privacy Policy<\/label>\n      <\/div>\n  <\/fieldset>\n\n\n\n    \n    \n<\/div>\n\n\n<div class=\"breakdance-form-field breakdance-form-field--hpinput\" >\n    \n    \n            <label class=\"breakdance-form-field__label\" for=\"hpname\">\n            HP Name\n        <\/label>\n    \n    <input\n    class=\"breakdance-form-field__input\"\n    id=\"hpname\"\n    aria-describedby=\"hpname\"\n    type=\"hpinput\"\n    name=\"fields[hpname]\"\n    placeholder=\"\"\n    value=\"\"\n                \n        \n        \n    \n    autocomplete=\"off\"\n    tabindex=\"-1\"\n    \n    \n    \n>\n\n\n    \n    \n<\/div>\n\n\n<div class=\"breakdance-form-field breakdance-form-field--hidden\" >\n    \n    \n    \n    <input\n    id=\"csrf-token-169\"\n    type=\"hidden\"\n    name=\"fields[csrfToken]\"\n    value=\"7b36d0544b\"\n    \n    >\n\n\n    \n    \n<\/div><div class=\"breakdance-form-field breakdance-form-footer\">    \n    \n    \n    \n    \n            \n            <button type=\"submit\" class=\"button-atom button-atom--primary breakdance-form-button breakdance-form-button__submit\"  >\n    \n        <span class=\"button-atom__text\">Invia richiesta<\/span>\n\n        \n        \n            <\/button>\n    \n    <input type=\"hidden\" name=\"form_id\" value=\"169\">\n    <input type=\"hidden\" name=\"post_id\" value=\"1549\">\n<\/div>\n\n  \n<\/form>\n\n\n<\/div>\n<\/div>\n<\/div><\/div><\/div>\n<\/section>","protected":false},"excerpt":{"rendered":"<p>Affida a noi la tua casa Sei un proprietario di uno o pi\u00f9 immobili e vorresti affittare senza pensieri? Scopri di pi\u00f9 sulla nostra attivit\u00e0 di gestione e sulla nostra offerta vuoto per pieno! Entra negli affitti brevi con una gestione completa Sai che gli affitti brevi sono la miglior destinazione d&#8217;uso (e anche la [&hellip;]<\/p>\n","protected":false},"author":2,"featured_media":0,"parent":0,"menu_order":0,"comment_status":"closed","ping_status":"closed","template":"","meta":{"_acf_changed":false,"_breakdance_hide_in_design_set":false,"_breakdance_tags":"","footnotes":""},"class_list":["post-1549","page","type-page","status-publish","hentry"],"acf":[],"_links":{"self":[{"href":"https:\/\/casabaproperties.com\/es\/wp-json\/wp\/v2\/pages\/1549","targetHints":{"allow":["GET"]}}],"collection":[{"href":"https:\/\/casabaproperties.com\/es\/wp-json\/wp\/v2\/pages"}],"about":[{"href":"https:\/\/casabaproperties.com\/es\/wp-json\/wp\/v2\/types\/page"}],"author":[{"embeddable":true,"href":"https:\/\/casabaproperties.com\/es\/wp-json\/wp\/v2\/users\/2"}],"replies":[{"embeddable":true,"href":"https:\/\/casabaproperties.com\/es\/wp-json\/wp\/v2\/comments?post=1549"}],"version-history":[{"count":45,"href":"https:\/\/casabaproperties.com\/es\/wp-json\/wp\/v2\/pages\/1549\/revisions"}],"predecessor-version":[{"id":3604,"href":"https:\/\/casabaproperties.com\/es\/wp-json\/wp\/v2\/pages\/1549\/revisions\/3604"}],"wp:attachment":[{"href":"https:\/\/casabaproperties.com\/es\/wp-json\/wp\/v2\/media?parent=1549"}],"curies":[{"name":"wp","href":"https:\/\/api.w.org\/{rel}","templated":true}]}}